{"id":5949,"date":"2026-01-02T17:22:48","date_gmt":"2026-01-02T16:22:48","guid":{"rendered":"https:\/\/makinat.fr\/?page_id=5949"},"modified":"2026-01-12T10:22:21","modified_gmt":"2026-01-12T09:22:21","slug":"mentions-legales","status":"publish","type":"page","link":"https:\/\/makinat.fr\/index.php\/mentions-legales\/","title":{"rendered":"Mentions l\u00e9gales"},"content":{"rendered":"\t\t<div data-elementor-type=\"wp-page\" data-elementor-id=\"5949\" class=\"elementor elementor-5949\" data-elementor-post-type=\"page\">\n\t\t\t\t<div class=\"elementor-element elementor-element-44ca5a4 e-flex e-con-boxed e-con e-parent\" data-id=\"44ca5a4\" data-element_type=\"container\">\n\t\t\t\t\t<div class=\"e-con-inner\">\n\t\t\t\t<div class=\"elementor-element elementor-element-fbd673e elementor-widget elementor-widget-heading\" data-id=\"fbd673e\" data-element_type=\"widget\" data-widget_type=\"heading.default\">\n\t\t\t\t<div class=\"elementor-widget-container\">\n\t\t\t\t\t<h2 class=\"elementor-heading-title elementor-size-default\">\u00c9diteur du site<\/h2>\t\t\t\t<\/div>\n\t\t\t\t<\/div>\n\t\t\t\t<div class=\"elementor-element elementor-element-2aa3186 elementor-widget elementor-widget-text-editor\" data-id=\"2aa3186\" data-element_type=\"widget\" data-widget_type=\"text-editor.default\">\n\t\t\t\t<div class=\"elementor-widget-container\">\n\t\t\t\t\t\t\t\t\t<p data-start=\"297\" data-end=\"680\">Nom de l\u2019entreprise \/ Nom et pr\u00e9nom : MAKINAT CONSEIL ET EXPERTISE<br data-start=\"352\" data-end=\"355\" \/>Forme juridique : Soci\u00e9t\u00e9 par actions simplifi\u00e9e<br data-start=\"436\" data-end=\"439\" \/>Capital social (si applicable) : [Montant \u20ac]<br data-start=\"487\" data-end=\"490\" \/>Si\u00e8ge social : 17 RUE OCEANE, 44800 SAINT-HERBLAIN<br data-start=\"527\" data-end=\"530\" \/>Num\u00e9ro SIRET : 94118767600023<br data-start=\"562\" data-end=\"565\" \/>Num\u00e9ro RCS \/ RM : [Ville + num\u00e9ro]<br data-start=\"603\" data-end=\"606\" \/>Num\u00e9ro de TVA intracommunautaire : [\u00c0 compl\u00e9ter ou \u201cNon applicable\u201d]<\/p><p data-start=\"682\" data-end=\"822\">Responsable de la publication : Jamal EL MAKNATI<br data-start=\"733\" data-end=\"736\" \/>Adresse e-mail : contact@makinat.fr<br data-start=\"772\" data-end=\"775\" \/>Num\u00e9ro de t\u00e9l\u00e9phone : \/\u00a0<\/p>\t\t\t\t\t\t\t\t<\/div>\n\t\t\t\t<\/div>\n\t\t\t\t<div class=\"elementor-element elementor-element-175f42f elementor-widget elementor-widget-heading\" data-id=\"175f42f\" data-element_type=\"widget\" data-widget_type=\"heading.default\">\n\t\t\t\t<div class=\"elementor-widget-container\">\n\t\t\t\t\t<h2 class=\"elementor-heading-title elementor-size-default\">H\u00e9bergeur du site<\/h2>\t\t\t\t<\/div>\n\t\t\t\t<\/div>\n\t\t\t\t<div class=\"elementor-element elementor-element-04dd79c elementor-widget elementor-widget-text-editor\" data-id=\"04dd79c\" data-element_type=\"widget\" data-widget_type=\"text-editor.default\">\n\t\t\t\t<div class=\"elementor-widget-container\">\n\t\t\t\t\t\t\t\t\t<p data-start=\"854\" data-end=\"1009\">H\u00e9bergeur : [Nom de l\u2019h\u00e9bergeur]<br data-start=\"890\" data-end=\"893\" \/>Adresse : [Adresse de l\u2019h\u00e9bergeur]<br data-start=\"931\" data-end=\"934\" \/>T\u00e9l\u00e9phone : [Num\u00e9ro de t\u00e9l\u00e9phone]<br data-start=\"971\" data-end=\"974\" \/>Site web : [URL de l\u2019h\u00e9bergeur]<\/p>\t\t\t\t\t\t\t\t<\/div>\n\t\t\t\t<\/div>\n\t\t\t\t<div class=\"elementor-element elementor-element-9230231 elementor-widget elementor-widget-heading\" data-id=\"9230231\" data-element_type=\"widget\" data-widget_type=\"heading.default\">\n\t\t\t\t<div class=\"elementor-widget-container\">\n\t\t\t\t\t<h2 class=\"elementor-heading-title elementor-size-default\">Propri\u00e9t\u00e9 intellectuelle<\/h2>\t\t\t\t<\/div>\n\t\t\t\t<\/div>\n\t\t\t\t<div class=\"elementor-element elementor-element-6abc49a elementor-widget elementor-widget-text-editor\" data-id=\"6abc49a\" data-element_type=\"widget\" data-widget_type=\"text-editor.default\">\n\t\t\t\t<div class=\"elementor-widget-container\">\n\t\t\t\t\t\t\t\t\t<p data-start=\"1046\" data-end=\"1391\">L\u2019ensemble des contenus pr\u00e9sents sur ce site (textes, images, graphismes, logo, ic\u00f4nes, etc.) est la propri\u00e9t\u00e9 exclusive de MAKINAT CONSEIL &amp; EXPERTISE, sauf mention contraire.<br data-start=\"1220\" data-end=\"1223\" \/>Toute reproduction, repr\u00e9sentation, modification, publication ou adaptation, totale ou partielle, des \u00e9l\u00e9ments du site est interdite sans autorisation \u00e9crite pr\u00e9alable.<\/p>\t\t\t\t\t\t\t\t<\/div>\n\t\t\t\t<\/div>\n\t\t\t\t<div class=\"elementor-element elementor-element-33504de elementor-widget elementor-widget-heading\" data-id=\"33504de\" data-element_type=\"widget\" data-widget_type=\"heading.default\">\n\t\t\t\t<div class=\"elementor-widget-container\">\n\t\t\t\t\t<h2 class=\"elementor-heading-title elementor-size-default\">Responsabilit\u00e9<\/h2>\t\t\t\t<\/div>\n\t\t\t\t<\/div>\n\t\t\t\t<div class=\"elementor-element elementor-element-f313d35 elementor-widget elementor-widget-text-editor\" data-id=\"f313d35\" data-element_type=\"widget\" data-widget_type=\"text-editor.default\">\n\t\t\t\t<div class=\"elementor-widget-container\">\n\t\t\t\t\t\t\t\t\t<p data-start=\"1418\" data-end=\"1649\">Les informations diffus\u00e9es sur ce site sont fournies \u00e0 titre indicatif. MAKINAT CONSEIL &amp; EXPERTISE\u00a0s\u2019efforce d\u2019assurer l\u2019exactitude et la mise \u00e0 jour des informations, mais ne saurait \u00eatre tenue responsable des erreurs ou omissions.<\/p>\t\t\t\t\t\t\t\t<\/div>\n\t\t\t\t<\/div>\n\t\t\t\t<div class=\"elementor-element elementor-element-2aa2252 elementor-widget elementor-widget-heading\" data-id=\"2aa2252\" data-element_type=\"widget\" data-widget_type=\"heading.default\">\n\t\t\t\t<div class=\"elementor-widget-container\">\n\t\t\t\t\t<h2 class=\"elementor-heading-title elementor-size-default\">Donn\u00e9es personnelles<\/h2>\t\t\t\t<\/div>\n\t\t\t\t<\/div>\n\t\t\t\t<div class=\"elementor-element elementor-element-9d30fdd elementor-widget elementor-widget-text-editor\" data-id=\"9d30fdd\" data-element_type=\"widget\" data-widget_type=\"text-editor.default\">\n\t\t\t\t<div class=\"elementor-widget-container\">\n\t\t\t\t\t\t\t\t\t<p data-start=\"1682\" data-end=\"1858\">Les informations personnelles \u00e9ventuellement collect\u00e9es via les formulaires sont destin\u00e9es exclusivement \u00e0 MAKINAT CONSEIL &amp; EXPERTISE\u00a0et ne sont en aucun cas c\u00e9d\u00e9es \u00e0 des tiers.<\/p><p data-start=\"1860\" data-end=\"2143\">Conform\u00e9ment au <strong data-start=\"1876\" data-end=\"1934\">R\u00e8glement G\u00e9n\u00e9ral sur la Protection des Donn\u00e9es (RGPD)<\/strong>, vous disposez d\u2019un droit d\u2019acc\u00e8s, de rectification, de suppression et d\u2019opposition concernant vos donn\u00e9es personnelles.<br data-start=\"2055\" data-end=\"2058\" \/>Pour exercer ces droits, vous pouvez contacter : <strong data-start=\"2107\" data-end=\"2142\">contact@makinat.fr<\/strong><\/p>\t\t\t\t\t\t\t\t<\/div>\n\t\t\t\t<\/div>\n\t\t\t\t<div class=\"elementor-element elementor-element-42d0f1c elementor-widget elementor-widget-heading\" data-id=\"42d0f1c\" data-element_type=\"widget\" data-widget_type=\"heading.default\">\n\t\t\t\t<div class=\"elementor-widget-container\">\n\t\t\t\t\t<h2 class=\"elementor-heading-title elementor-size-default\">Cookies<\/h2>\t\t\t\t<\/div>\n\t\t\t\t<\/div>\n\t\t\t\t<div class=\"elementor-element elementor-element-57b107c elementor-widget elementor-widget-text-editor\" data-id=\"57b107c\" data-element_type=\"widget\" data-widget_type=\"text-editor.default\">\n\t\t\t\t<div class=\"elementor-widget-container\">\n\t\t\t\t\t\t\t\t\t<p data-start=\"2163\" data-end=\"2356\">Le site peut \u00eatre amen\u00e9 \u00e0 utiliser des cookies \u00e0 des fins de mesure d\u2019audience ou d\u2019am\u00e9lioration de l\u2019exp\u00e9rience utilisateur.<br data-start=\"2288\" data-end=\"2291\" \/>Vous pouvez configurer votre navigateur pour refuser les cookies.<\/p>\t\t\t\t\t\t\t\t<\/div>\n\t\t\t\t<\/div>\n\t\t\t\t<div class=\"elementor-element elementor-element-2bb8117 elementor-widget elementor-widget-heading\" data-id=\"2bb8117\" data-element_type=\"widget\" data-widget_type=\"heading.default\">\n\t\t\t\t<div class=\"elementor-widget-container\">\n\t\t\t\t\t<h2 class=\"elementor-heading-title elementor-size-default\">Droit applicable<\/h2>\t\t\t\t<\/div>\n\t\t\t\t<\/div>\n\t\t\t\t<div class=\"elementor-element elementor-element-014d324 elementor-widget elementor-widget-text-editor\" data-id=\"014d324\" data-element_type=\"widget\" data-widget_type=\"text-editor.default\">\n\t\t\t\t<div class=\"elementor-widget-container\">\n\t\t\t\t\t\t\t\t\t<p data-start=\"2385\" data-end=\"2549\">Le pr\u00e9sent site est soumis au droit fran\u00e7ais.<br data-start=\"2430\" data-end=\"2433\" \/>En cas de litige, et \u00e0 d\u00e9faut de r\u00e9solution amiable, les tribunaux comp\u00e9tents seront ceux du ressort de Nantes.<\/p>\t\t\t\t\t\t\t\t<\/div>\n\t\t\t\t<\/div>\n\t\t\t\t\t<\/div>\n\t\t\t\t<\/div>\n\t\t\t\t<\/div>\n\t\t","protected":false},"excerpt":{"rendered":"<p>\u00c9diteur du site Nom de l\u2019entreprise \/ Nom et pr\u00e9nom : MAKINAT CONSEIL ET EXPERTISEForme juridique : Soci\u00e9t\u00e9 par actions simplifi\u00e9eCapital social (si applicable) : [Montant \u20ac]Si\u00e8ge social : 17 RUE OCEANE, 44800 SAINT-HERBLAINNum\u00e9ro SIRET : 94118767600023Num\u00e9ro RCS \/ RM : [Ville + num\u00e9ro]Num\u00e9ro de TVA intracommunautaire : [\u00c0 compl\u00e9ter ou \u201cNon applicable\u201d] Responsable de [&hellip;]<\/p>\n","protected":false},"author":2,"featured_media":5579,"parent":0,"menu_order":0,"comment_status":"closed","ping_status":"closed","template":"elementor_header_footer","meta":{"footnotes":""},"class_list":["post-5949","page","type-page","status-publish","has-post-thumbnail","hentry"],"yoast_head":"<!-- This site is optimized with the Yoast SEO plugin v26.7 - https:\/\/yoast.com\/wordpress\/plugins\/seo\/ -->\n<title>Mentions l\u00e9gales - Makinat<\/title>\n<meta name=\"description\" content=\"Retrouvez les mentions l\u00e9gales du site internet MAKINAT depuis cette page.\" \/>\n<meta name=\"robots\" content=\"index, follow, max-snippet:-1, max-image-preview:large, max-video-preview:-1\" \/>\n<link rel=\"canonical\" href=\"https:\/\/makinat.fr\/index.php\/mentions-legales\/\" \/>\n<meta property=\"og:locale\" content=\"fr_FR\" \/>\n<meta property=\"og:type\" content=\"article\" \/>\n<meta property=\"og:title\" content=\"Mentions l\u00e9gales - Makinat\" \/>\n<meta property=\"og:description\" content=\"Retrouvez les mentions l\u00e9gales du site internet MAKINAT depuis cette page.\" \/>\n<meta property=\"og:url\" content=\"https:\/\/makinat.fr\/index.php\/mentions-legales\/\" \/>\n<meta property=\"og:site_name\" content=\"Makinat\" \/>\n<meta property=\"article:modified_time\" content=\"2026-01-12T09:22:21+00:00\" \/>\n<meta property=\"og:image\" content=\"https:\/\/makinat.fr\/wp-content\/uploads\/2025\/05\/56835_Makinat_logo_BJ-01-Complet-scaled.png\" \/>\n\t<meta property=\"og:image:width\" content=\"2560\" \/>\n\t<meta property=\"og:image:height\" content=\"406\" \/>\n\t<meta property=\"og:image:type\" content=\"image\/png\" \/>\n<meta name=\"twitter:card\" content=\"summary_large_image\" \/>\n<meta name=\"twitter:label1\" content=\"Dur\u00e9e de lecture estim\u00e9e\" \/>\n\t<meta name=\"twitter:data1\" content=\"2 minutes\" \/>\n<script type=\"application\/ld+json\" class=\"yoast-schema-graph\">{\"@context\":\"https:\/\/schema.org\",\"@graph\":[{\"@type\":\"WebPage\",\"@id\":\"https:\/\/makinat.fr\/index.php\/mentions-legales\/\",\"url\":\"https:\/\/makinat.fr\/index.php\/mentions-legales\/\",\"name\":\"Mentions l\u00e9gales - Makinat\",\"isPartOf\":{\"@id\":\"https:\/\/makinat.fr\/#website\"},\"primaryImageOfPage\":{\"@id\":\"https:\/\/makinat.fr\/index.php\/mentions-legales\/#primaryimage\"},\"image\":{\"@id\":\"https:\/\/makinat.fr\/index.php\/mentions-legales\/#primaryimage\"},\"thumbnailUrl\":\"https:\/\/makinat.fr\/wp-content\/uploads\/2025\/05\/56835_Makinat_logo_BJ-01-Complet-scaled.png\",\"datePublished\":\"2026-01-02T16:22:48+00:00\",\"dateModified\":\"2026-01-12T09:22:21+00:00\",\"description\":\"Retrouvez les mentions l\u00e9gales du site internet MAKINAT depuis cette page.\",\"breadcrumb\":{\"@id\":\"https:\/\/makinat.fr\/index.php\/mentions-legales\/#breadcrumb\"},\"inLanguage\":\"fr-FR\",\"potentialAction\":[{\"@type\":\"ReadAction\",\"target\":[\"https:\/\/makinat.fr\/index.php\/mentions-legales\/\"]}]},{\"@type\":\"ImageObject\",\"inLanguage\":\"fr-FR\",\"@id\":\"https:\/\/makinat.fr\/index.php\/mentions-legales\/#primaryimage\",\"url\":\"https:\/\/makinat.fr\/wp-content\/uploads\/2025\/05\/56835_Makinat_logo_BJ-01-Complet-scaled.png\",\"contentUrl\":\"https:\/\/makinat.fr\/wp-content\/uploads\/2025\/05\/56835_Makinat_logo_BJ-01-Complet-scaled.png\",\"width\":2560,\"height\":406},{\"@type\":\"BreadcrumbList\",\"@id\":\"https:\/\/makinat.fr\/index.php\/mentions-legales\/#breadcrumb\",\"itemListElement\":[{\"@type\":\"ListItem\",\"position\":1,\"name\":\"Accueil\",\"item\":\"https:\/\/makinat.fr\/\"},{\"@type\":\"ListItem\",\"position\":2,\"name\":\"Mentions l\u00e9gales\"}]},{\"@type\":\"WebSite\",\"@id\":\"https:\/\/makinat.fr\/#website\",\"url\":\"https:\/\/makinat.fr\/\",\"name\":\"Makinat\",\"description\":\"Conseil &amp; Expertise\",\"publisher\":{\"@id\":\"https:\/\/makinat.fr\/#organization\"},\"potentialAction\":[{\"@type\":\"SearchAction\",\"target\":{\"@type\":\"EntryPoint\",\"urlTemplate\":\"https:\/\/makinat.fr\/?s={search_term_string}\"},\"query-input\":{\"@type\":\"PropertyValueSpecification\",\"valueRequired\":true,\"valueName\":\"search_term_string\"}}],\"inLanguage\":\"fr-FR\"},{\"@type\":\"Organization\",\"@id\":\"https:\/\/makinat.fr\/#organization\",\"name\":\"Makinat\",\"url\":\"https:\/\/makinat.fr\/\",\"logo\":{\"@type\":\"ImageObject\",\"inLanguage\":\"fr-FR\",\"@id\":\"https:\/\/makinat.fr\/#\/schema\/logo\/image\/\",\"url\":\"https:\/\/makinat.fr\/wp-content\/uploads\/2025\/05\/56835_Makinat_logo_BJ-01-Complet-scaled.png\",\"contentUrl\":\"https:\/\/makinat.fr\/wp-content\/uploads\/2025\/05\/56835_Makinat_logo_BJ-01-Complet-scaled.png\",\"width\":2560,\"height\":406,\"caption\":\"Makinat\"},\"image\":{\"@id\":\"https:\/\/makinat.fr\/#\/schema\/logo\/image\/\"}}]}<\/script>\n<!-- \/ Yoast SEO plugin. -->","yoast_head_json":{"title":"Mentions l\u00e9gales - Makinat","description":"Retrouvez les mentions l\u00e9gales du site internet MAKINAT depuis cette page.","robots":{"index":"index","follow":"follow","max-snippet":"max-snippet:-1","max-image-preview":"max-image-preview:large","max-video-preview":"max-video-preview:-1"},"canonical":"https:\/\/makinat.fr\/index.php\/mentions-legales\/","og_locale":"fr_FR","og_type":"article","og_title":"Mentions l\u00e9gales - Makinat","og_description":"Retrouvez les mentions l\u00e9gales du site internet MAKINAT depuis cette page.","og_url":"https:\/\/makinat.fr\/index.php\/mentions-legales\/","og_site_name":"Makinat","article_modified_time":"2026-01-12T09:22:21+00:00","og_image":[{"width":2560,"height":406,"url":"https:\/\/makinat.fr\/wp-content\/uploads\/2025\/05\/56835_Makinat_logo_BJ-01-Complet-scaled.png","type":"image\/png"}],"twitter_card":"summary_large_image","twitter_misc":{"Dur\u00e9e de lecture estim\u00e9e":"2 minutes"},"schema":{"@context":"https:\/\/schema.org","@graph":[{"@type":"WebPage","@id":"https:\/\/makinat.fr\/index.php\/mentions-legales\/","url":"https:\/\/makinat.fr\/index.php\/mentions-legales\/","name":"Mentions l\u00e9gales - Makinat","isPartOf":{"@id":"https:\/\/makinat.fr\/#website"},"primaryImageOfPage":{"@id":"https:\/\/makinat.fr\/index.php\/mentions-legales\/#primaryimage"},"image":{"@id":"https:\/\/makinat.fr\/index.php\/mentions-legales\/#primaryimage"},"thumbnailUrl":"https:\/\/makinat.fr\/wp-content\/uploads\/2025\/05\/56835_Makinat_logo_BJ-01-Complet-scaled.png","datePublished":"2026-01-02T16:22:48+00:00","dateModified":"2026-01-12T09:22:21+00:00","description":"Retrouvez les mentions l\u00e9gales du site internet MAKINAT depuis cette page.","breadcrumb":{"@id":"https:\/\/makinat.fr\/index.php\/mentions-legales\/#breadcrumb"},"inLanguage":"fr-FR","potentialAction":[{"@type":"ReadAction","target":["https:\/\/makinat.fr\/index.php\/mentions-legales\/"]}]},{"@type":"ImageObject","inLanguage":"fr-FR","@id":"https:\/\/makinat.fr\/index.php\/mentions-legales\/#primaryimage","url":"https:\/\/makinat.fr\/wp-content\/uploads\/2025\/05\/56835_Makinat_logo_BJ-01-Complet-scaled.png","contentUrl":"https:\/\/makinat.fr\/wp-content\/uploads\/2025\/05\/56835_Makinat_logo_BJ-01-Complet-scaled.png","width":2560,"height":406},{"@type":"BreadcrumbList","@id":"https:\/\/makinat.fr\/index.php\/mentions-legales\/#breadcrumb","itemListElement":[{"@type":"ListItem","position":1,"name":"Accueil","item":"https:\/\/makinat.fr\/"},{"@type":"ListItem","position":2,"name":"Mentions l\u00e9gales"}]},{"@type":"WebSite","@id":"https:\/\/makinat.fr\/#website","url":"https:\/\/makinat.fr\/","name":"Makinat","description":"Conseil &amp; Expertise","publisher":{"@id":"https:\/\/makinat.fr\/#organization"},"potentialAction":[{"@type":"SearchAction","target":{"@type":"EntryPoint","urlTemplate":"https:\/\/makinat.fr\/?s={search_term_string}"},"query-input":{"@type":"PropertyValueSpecification","valueRequired":true,"valueName":"search_term_string"}}],"inLanguage":"fr-FR"},{"@type":"Organization","@id":"https:\/\/makinat.fr\/#organization","name":"Makinat","url":"https:\/\/makinat.fr\/","logo":{"@type":"ImageObject","inLanguage":"fr-FR","@id":"https:\/\/makinat.fr\/#\/schema\/logo\/image\/","url":"https:\/\/makinat.fr\/wp-content\/uploads\/2025\/05\/56835_Makinat_logo_BJ-01-Complet-scaled.png","contentUrl":"https:\/\/makinat.fr\/wp-content\/uploads\/2025\/05\/56835_Makinat_logo_BJ-01-Complet-scaled.png","width":2560,"height":406,"caption":"Makinat"},"image":{"@id":"https:\/\/makinat.fr\/#\/schema\/logo\/image\/"}}]}},"_links":{"self":[{"href":"https:\/\/makinat.fr\/index.php\/wp-json\/wp\/v2\/pages\/5949","targetHints":{"allow":["GET"]}}],"collection":[{"href":"https:\/\/makinat.fr\/index.php\/wp-json\/wp\/v2\/pages"}],"about":[{"href":"https:\/\/makinat.fr\/index.php\/wp-json\/wp\/v2\/types\/page"}],"author":[{"embeddable":true,"href":"https:\/\/makinat.fr\/index.php\/wp-json\/wp\/v2\/users\/2"}],"replies":[{"embeddable":true,"href":"https:\/\/makinat.fr\/index.php\/wp-json\/wp\/v2\/comments?post=5949"}],"version-history":[{"count":10,"href":"https:\/\/makinat.fr\/index.php\/wp-json\/wp\/v2\/pages\/5949\/revisions"}],"predecessor-version":[{"id":5960,"href":"https:\/\/makinat.fr\/index.php\/wp-json\/wp\/v2\/pages\/5949\/revisions\/5960"}],"wp:featuredmedia":[{"embeddable":true,"href":"https:\/\/makinat.fr\/index.php\/wp-json\/wp\/v2\/media\/5579"}],"wp:attachment":[{"href":"https:\/\/makinat.fr\/index.php\/wp-json\/wp\/v2\/media?parent=5949"}],"curies":[{"name":"wp","href":"https:\/\/api.w.org\/{rel}","templated":true}]}}