{"id":3676,"date":"2022-06-13T10:25:51","date_gmt":"2022-06-13T10:25:51","guid":{"rendered":"http:\/\/makinat.fr?page_id=3676"},"modified":"2026-01-12T10:35:35","modified_gmt":"2026-01-12T09:35:35","slug":"services","status":"publish","type":"page","link":"https:\/\/makinat.fr\/index.php\/services\/","title":{"rendered":"Services"},"content":{"rendered":"\t\t<div data-elementor-type=\"wp-page\" data-elementor-id=\"3676\" class=\"elementor elementor-3676\" data-elementor-post-type=\"page\">\n\t\t\t\t\t\t<section class=\"elementor-section elementor-top-section elementor-element elementor-element-44cc329 elementor-section-full_width elementor-section-height-default elementor-section-height-default\" data-id=\"44cc329\" data-element_type=\"section\" data-settings=\"{&quot;background_background&quot;:&quot;gradient&quot;}\">\n\t\t\t\t\t\t<div class=\"elementor-container elementor-column-gap-default\">\n\t\t\t\t\t<div class=\"elementor-column elementor-col-100 elementor-top-column elementor-element elementor-element-07b2ccc\" data-id=\"07b2ccc\" data-element_type=\"column\">\n\t\t\t<div class=\"elementor-widget-wrap elementor-element-populated\">\n\t\t\t\t\t\t<section class=\"elementor-section elementor-inner-section elementor-element elementor-element-be5184e elementor-section-boxed elementor-section-height-default elementor-section-height-default\" data-id=\"be5184e\" data-element_type=\"section\">\n\t\t\t\t\t\t<div class=\"elementor-container elementor-column-gap-custom\">\n\t\t\t\t\t<div class=\"elementor-column elementor-col-50 elementor-inner-column elementor-element elementor-element-28adca7\" data-id=\"28adca7\" data-element_type=\"column\">\n\t\t\t<div class=\"elementor-widget-wrap elementor-element-populated\">\n\t\t\t\t\t\t<div class=\"elementor-element elementor-element-9a5458c elementor-widget elementor-widget-sultin_service\" data-id=\"9a5458c\" data-element_type=\"widget\" data-widget_type=\"sultin_service.default\">\n\t\t\t\t<div class=\"elementor-widget-container\">\n\t\t\t\t\t                    <div class=\"single-service-style2\">\r\n                <div class=\"img-holder\">\r\n\t\t\t\t\t<a href=\"https:\/\/makinat.fr\/index.php\/services\/daf-externalisee\/\"  >\r\n                    <div class=\"inner\">\r\n                        <img fetchpriority=\"high\" decoding=\"async\" width=\"370\" height=\"255\" src=\"https:\/\/makinat.fr\/wp-content\/uploads\/2022\/06\/feature-image-6.jpg\" class=\"attachment-full size-full\" alt=\"\" srcset=\"https:\/\/makinat.fr\/wp-content\/uploads\/2022\/06\/feature-image-6.jpg 370w, https:\/\/makinat.fr\/wp-content\/uploads\/2022\/06\/feature-image-6-300x207.jpg 300w\" sizes=\"(max-width: 370px) 100vw, 370px\" \/>\t\t\t\t\t\t<\/div><\/a>\r\n                    <div class=\"icon\">\r\n                        <span class=\" icon-creative\"><\/span>\r\n                    <\/div>\r\n                <\/div>\r\n                <div class=\"title-holder\">\r\n                    <h3><a href=\"https:\/\/makinat.fr\/index.php\/services\/daf-externalisee\/\"  >DAF externalis\u00e9<\/a><\/h3>\r\n                    <div class=\"text\">\r\n                        <p>\r\n                            Pour piloter votre entreprise avec un regard strat\u00e9gique, \u00e0 temps partag\u00e9 ou en transition                        <\/p>\r\n                    <\/div>\r\n                    <div class=\"btn-box\">\r\n                        <a href=\"https:\/\/makinat.fr\/index.php\/services\/daf-externalisee\/\"  ><span class=\" icon-right-arrow\"><\/span><\/a>\r\n                    <\/div>\r\n                <\/div>\r\n            <\/div>\r\n\r\n        \t\t\t\t<\/div>\n\t\t\t\t<\/div>\n\t\t\t\t\t<\/div>\n\t\t<\/div>\n\t\t\t\t<div class=\"elementor-column elementor-col-50 elementor-inner-column elementor-element elementor-element-a9388c5\" data-id=\"a9388c5\" data-element_type=\"column\">\n\t\t\t<div class=\"elementor-widget-wrap elementor-element-populated\">\n\t\t\t\t\t\t<div class=\"elementor-element elementor-element-78bbf63 elementor-widget elementor-widget-sultin_service\" data-id=\"78bbf63\" data-element_type=\"widget\" data-widget_type=\"sultin_service.default\">\n\t\t\t\t<div class=\"elementor-widget-container\">\n\t\t\t\t\t                    <div class=\"single-service-style2\">\r\n                <div class=\"img-holder\">\r\n\t\t\t\t\t<a href=\"https:\/\/makinat.fr\/index.php\/services\/conseil-transformation-digitale\/\"  >\r\n                    <div class=\"inner\">\r\n                        <img decoding=\"async\" width=\"370\" height=\"255\" src=\"https:\/\/makinat.fr\/wp-content\/uploads\/2022\/06\/service-v1-2.jpg\" class=\"attachment-full size-full\" alt=\"\" srcset=\"https:\/\/makinat.fr\/wp-content\/uploads\/2022\/06\/service-v1-2.jpg 370w, https:\/\/makinat.fr\/wp-content\/uploads\/2022\/06\/service-v1-2-300x207.jpg 300w\" sizes=\"(max-width: 370px) 100vw, 370px\" \/>\t\t\t\t\t\t<\/div><\/a>\r\n                    <div class=\"icon\">\r\n                        <span class=\" icon-global\"><\/span>\r\n                    <\/div>\r\n                <\/div>\r\n                <div class=\"title-holder\">\r\n                    <h3><a href=\"https:\/\/makinat.fr\/index.php\/services\/conseil-transformation-digitale\/\"  >Transformation digitale<\/a><\/h3>\r\n                    <div class=\"text\">\r\n                        <p>\r\n                            Des solutions concr\u00e8tes pour digitaliser, structurer et gagner en efficacit\u00e9                        <\/p>\r\n                    <\/div>\r\n                    <div class=\"btn-box\">\r\n                        <a href=\"https:\/\/makinat.fr\/index.php\/services\/conseil-transformation-digitale\/\"  ><span class=\" icon-right-arrow\"><\/span><\/a>\r\n                    <\/div>\r\n                <\/div>\r\n            <\/div>\r\n\r\n        \t\t\t\t<\/div>\n\t\t\t\t<\/div>\n\t\t\t\t\t<\/div>\n\t\t<\/div>\n\t\t\t\t\t<\/div>\n\t\t<\/section>\n\t\t\t\t<section class=\"elementor-section elementor-inner-section elementor-element elementor-element-deb1bdc elementor-section-boxed elementor-section-height-default elementor-section-height-default\" data-id=\"deb1bdc\" data-element_type=\"section\">\n\t\t\t\t\t\t<div class=\"elementor-container elementor-column-gap-custom\">\n\t\t\t\t\t<div class=\"elementor-column elementor-col-50 elementor-inner-column elementor-element elementor-element-1818607\" data-id=\"1818607\" data-element_type=\"column\">\n\t\t\t<div class=\"elementor-widget-wrap elementor-element-populated\">\n\t\t\t\t\t\t<div class=\"elementor-element elementor-element-99ffacb elementor-widget elementor-widget-sultin_service\" data-id=\"99ffacb\" data-element_type=\"widget\" data-widget_type=\"sultin_service.default\">\n\t\t\t\t<div class=\"elementor-widget-container\">\n\t\t\t\t\t                    <div class=\"single-service-style2\">\r\n                <div class=\"img-holder\">\r\n\t\t\t\t\t<a href=\"https:\/\/makinat.fr\/index.php\/services\/business-intelligence\/\"  >\r\n                    <div class=\"inner\">\r\n                        <img decoding=\"async\" width=\"370\" height=\"255\" src=\"https:\/\/makinat.fr\/wp-content\/uploads\/2022\/06\/feature-image-5.jpg\" class=\"attachment-full size-full\" alt=\"\" srcset=\"https:\/\/makinat.fr\/wp-content\/uploads\/2022\/06\/feature-image-5.jpg 370w, https:\/\/makinat.fr\/wp-content\/uploads\/2022\/06\/feature-image-5-300x207.jpg 300w\" sizes=\"(max-width: 370px) 100vw, 370px\" \/>\t\t\t\t\t\t<\/div><\/a>\r\n                    <div class=\"icon\">\r\n                        <span class=\" icon-business\"><\/span>\r\n                    <\/div>\r\n                <\/div>\r\n                <div class=\"title-holder\">\r\n                    <h3><a href=\"https:\/\/makinat.fr\/index.php\/services\/business-intelligence\/\"  >Business Intelligence (BI)<\/a><\/h3>\r\n                    <div class=\"text\">\r\n                        <p>\r\n                            Vos indicateurs cl\u00e9s, visibles en temps r\u00e9el gr\u00e2ce \u00e0 Power BI                        <\/p>\r\n                    <\/div>\r\n                    <div class=\"btn-box\">\r\n                        <a href=\"https:\/\/makinat.fr\/index.php\/services\/business-intelligence\/\"  ><span class=\" icon-right-arrow\"><\/span><\/a>\r\n                    <\/div>\r\n                <\/div>\r\n            <\/div>\r\n\r\n        \t\t\t\t<\/div>\n\t\t\t\t<\/div>\n\t\t\t\t\t<\/div>\n\t\t<\/div>\n\t\t\t\t<div class=\"elementor-column elementor-col-50 elementor-inner-column elementor-element elementor-element-a035cad\" data-id=\"a035cad\" data-element_type=\"column\">\n\t\t\t<div class=\"elementor-widget-wrap elementor-element-populated\">\n\t\t\t\t\t\t<div class=\"elementor-element elementor-element-251e64e elementor-widget elementor-widget-sultin_service\" data-id=\"251e64e\" data-element_type=\"widget\" data-widget_type=\"sultin_service.default\">\n\t\t\t\t<div class=\"elementor-widget-container\">\n\t\t\t\t\t                    <div class=\"single-service-style2\">\r\n                <div class=\"img-holder\">\r\n\t\t\t\t\t<a href=\"https:\/\/makinat.fr\/index.php\/services\/expertise-comptable-independant\/\"  >\r\n                    <div class=\"inner\">\r\n                        <img loading=\"lazy\" decoding=\"async\" width=\"370\" height=\"255\" src=\"https:\/\/makinat.fr\/wp-content\/uploads\/2022\/06\/service-v1-6.jpg\" class=\"attachment-full size-full\" alt=\"expert comptable ind\u00e9pendant\" srcset=\"https:\/\/makinat.fr\/wp-content\/uploads\/2022\/06\/service-v1-6.jpg 370w, https:\/\/makinat.fr\/wp-content\/uploads\/2022\/06\/service-v1-6-300x207.jpg 300w\" sizes=\"(max-width: 370px) 100vw, 370px\" \/>\t\t\t\t\t\t<\/div><\/a>\r\n                    <div class=\"icon\">\r\n                        <span class=\" icon-creative-1\"><\/span>\r\n                    <\/div>\r\n                <\/div>\r\n                <div class=\"title-holder\">\r\n                    <h3><a href=\"https:\/\/makinat.fr\/index.php\/services\/expertise-comptable-independant\/\"  >Expertise comptable<\/a><\/h3>\r\n                    <div class=\"text\">\r\n                        <p>\r\n                            Un accompagnement rigoureux, humain et adapt\u00e9 \u00e0 chaque \u00e9tape de votre activit\u00e9                        <\/p>\r\n                    <\/div>\r\n                    <div class=\"btn-box\">\r\n                        <a href=\"https:\/\/makinat.fr\/index.php\/services\/expertise-comptable-independant\/\"  ><span class=\" icon-right-arrow\"><\/span><\/a>\r\n                    <\/div>\r\n                <\/div>\r\n            <\/div>\r\n\r\n        \t\t\t\t<\/div>\n\t\t\t\t<\/div>\n\t\t\t\t\t<\/div>\n\t\t<\/div>\n\t\t\t\t\t<\/div>\n\t\t<\/section>\n\t\t\t\t\t<\/div>\n\t\t<\/div>\n\t\t\t\t\t<\/div>\n\t\t<\/section>\n\t\t\t\t<\/div>\n\t\t","protected":false},"excerpt":{"rendered":"<p>DAF externalis\u00e9 Pour piloter votre entreprise avec un regard strat\u00e9gique, \u00e0 temps partag\u00e9 ou en transition Transformation digitale Des solutions concr\u00e8tes pour digitaliser, structurer et gagner en efficacit\u00e9 Business Intelligence (BI) Vos indicateurs cl\u00e9s, visibles en temps r\u00e9el gr\u00e2ce \u00e0 Power BI Expertise comptable Un accompagnement rigoureux, humain et adapt\u00e9 \u00e0 chaque \u00e9tape de votre [&hellip;]<\/p>\n","protected":false},"author":1,"featured_media":0,"parent":0,"menu_order":0,"comment_status":"closed","ping_status":"closed","template":"elementor_header_footer","meta":{"footnotes":""},"class_list":["post-3676","page","type-page","status-publish","hentry"],"yoast_head":"<!-- This site is optimized with the Yoast SEO plugin v26.7 - https:\/\/yoast.com\/wordpress\/plugins\/seo\/ -->\n<title>Services - Makinat<\/title>\n<meta name=\"description\" content=\"Makinat, votre expertise en finance et conseils pour entreprises : daf, business intelligence, transformation digitale, expertise comptable.\" \/>\n<meta name=\"robots\" content=\"index, follow, max-snippet:-1, max-image-preview:large, max-video-preview:-1\" \/>\n<link rel=\"canonical\" href=\"https:\/\/makinat.fr\/index.php\/services\/\" \/>\n<meta property=\"og:locale\" content=\"fr_FR\" \/>\n<meta property=\"og:type\" content=\"article\" \/>\n<meta property=\"og:title\" content=\"Services - Makinat\" \/>\n<meta property=\"og:description\" content=\"Makinat, votre expertise en finance et conseils pour entreprises : daf, business intelligence, transformation digitale, expertise comptable.\" \/>\n<meta property=\"og:url\" content=\"https:\/\/makinat.fr\/index.php\/services\/\" \/>\n<meta property=\"og:site_name\" content=\"Makinat\" \/>\n<meta property=\"article:modified_time\" content=\"2026-01-12T09:35:35+00:00\" \/>\n<meta property=\"og:image\" content=\"https:\/\/makinat.fr\/wp-content\/uploads\/2022\/06\/feature-image-6.jpg\" \/>\n<meta name=\"twitter:card\" content=\"summary_large_image\" \/>\n<meta name=\"twitter:label1\" content=\"Dur\u00e9e de lecture estim\u00e9e\" \/>\n\t<meta name=\"twitter:data1\" content=\"2 minutes\" \/>\n<script type=\"application\/ld+json\" class=\"yoast-schema-graph\">{\"@context\":\"https:\/\/schema.org\",\"@graph\":[{\"@type\":\"WebPage\",\"@id\":\"https:\/\/makinat.fr\/index.php\/services\/\",\"url\":\"https:\/\/makinat.fr\/index.php\/services\/\",\"name\":\"Services - Makinat\",\"isPartOf\":{\"@id\":\"https:\/\/makinat.fr\/#website\"},\"primaryImageOfPage\":{\"@id\":\"https:\/\/makinat.fr\/index.php\/services\/#primaryimage\"},\"image\":{\"@id\":\"https:\/\/makinat.fr\/index.php\/services\/#primaryimage\"},\"thumbnailUrl\":\"https:\/\/makinat.fr\/wp-content\/uploads\/2022\/06\/feature-image-6.jpg\",\"datePublished\":\"2022-06-13T10:25:51+00:00\",\"dateModified\":\"2026-01-12T09:35:35+00:00\",\"description\":\"Makinat, votre expertise en finance et conseils pour entreprises : daf, business intelligence, transformation digitale, expertise comptable.\",\"breadcrumb\":{\"@id\":\"https:\/\/makinat.fr\/index.php\/services\/#breadcrumb\"},\"inLanguage\":\"fr-FR\",\"potentialAction\":[{\"@type\":\"ReadAction\",\"target\":[\"https:\/\/makinat.fr\/index.php\/services\/\"]}]},{\"@type\":\"ImageObject\",\"inLanguage\":\"fr-FR\",\"@id\":\"https:\/\/makinat.fr\/index.php\/services\/#primaryimage\",\"url\":\"https:\/\/makinat.fr\/wp-content\/uploads\/2022\/06\/feature-image-6.jpg\",\"contentUrl\":\"https:\/\/makinat.fr\/wp-content\/uploads\/2022\/06\/feature-image-6.jpg\",\"width\":370,\"height\":255},{\"@type\":\"BreadcrumbList\",\"@id\":\"https:\/\/makinat.fr\/index.php\/services\/#breadcrumb\",\"itemListElement\":[{\"@type\":\"ListItem\",\"position\":1,\"name\":\"Accueil\",\"item\":\"https:\/\/makinat.fr\/\"},{\"@type\":\"ListItem\",\"position\":2,\"name\":\"Services\"}]},{\"@type\":\"WebSite\",\"@id\":\"https:\/\/makinat.fr\/#website\",\"url\":\"https:\/\/makinat.fr\/\",\"name\":\"Makinat\",\"description\":\"Conseil &amp; Expertise\",\"publisher\":{\"@id\":\"https:\/\/makinat.fr\/#organization\"},\"potentialAction\":[{\"@type\":\"SearchAction\",\"target\":{\"@type\":\"EntryPoint\",\"urlTemplate\":\"https:\/\/makinat.fr\/?s={search_term_string}\"},\"query-input\":{\"@type\":\"PropertyValueSpecification\",\"valueRequired\":true,\"valueName\":\"search_term_string\"}}],\"inLanguage\":\"fr-FR\"},{\"@type\":\"Organization\",\"@id\":\"https:\/\/makinat.fr\/#organization\",\"name\":\"Makinat\",\"url\":\"https:\/\/makinat.fr\/\",\"logo\":{\"@type\":\"ImageObject\",\"inLanguage\":\"fr-FR\",\"@id\":\"https:\/\/makinat.fr\/#\/schema\/logo\/image\/\",\"url\":\"https:\/\/makinat.fr\/wp-content\/uploads\/2025\/05\/56835_Makinat_logo_BJ-01-Complet-scaled.png\",\"contentUrl\":\"https:\/\/makinat.fr\/wp-content\/uploads\/2025\/05\/56835_Makinat_logo_BJ-01-Complet-scaled.png\",\"width\":2560,\"height\":406,\"caption\":\"Makinat\"},\"image\":{\"@id\":\"https:\/\/makinat.fr\/#\/schema\/logo\/image\/\"}}]}<\/script>\n<!-- \/ Yoast SEO plugin. -->","yoast_head_json":{"title":"Services - Makinat","description":"Makinat, votre expertise en finance et conseils pour entreprises : daf, business intelligence, transformation digitale, expertise comptable.","robots":{"index":"index","follow":"follow","max-snippet":"max-snippet:-1","max-image-preview":"max-image-preview:large","max-video-preview":"max-video-preview:-1"},"canonical":"https:\/\/makinat.fr\/index.php\/services\/","og_locale":"fr_FR","og_type":"article","og_title":"Services - Makinat","og_description":"Makinat, votre expertise en finance et conseils pour entreprises : daf, business intelligence, transformation digitale, expertise comptable.","og_url":"https:\/\/makinat.fr\/index.php\/services\/","og_site_name":"Makinat","article_modified_time":"2026-01-12T09:35:35+00:00","og_image":[{"url":"https:\/\/makinat.fr\/wp-content\/uploads\/2022\/06\/feature-image-6.jpg","type":"","width":"","height":""}],"twitter_card":"summary_large_image","twitter_misc":{"Dur\u00e9e de lecture estim\u00e9e":"2 minutes"},"schema":{"@context":"https:\/\/schema.org","@graph":[{"@type":"WebPage","@id":"https:\/\/makinat.fr\/index.php\/services\/","url":"https:\/\/makinat.fr\/index.php\/services\/","name":"Services - Makinat","isPartOf":{"@id":"https:\/\/makinat.fr\/#website"},"primaryImageOfPage":{"@id":"https:\/\/makinat.fr\/index.php\/services\/#primaryimage"},"image":{"@id":"https:\/\/makinat.fr\/index.php\/services\/#primaryimage"},"thumbnailUrl":"https:\/\/makinat.fr\/wp-content\/uploads\/2022\/06\/feature-image-6.jpg","datePublished":"2022-06-13T10:25:51+00:00","dateModified":"2026-01-12T09:35:35+00:00","description":"Makinat, votre expertise en finance et conseils pour entreprises : daf, business intelligence, transformation digitale, expertise comptable.","breadcrumb":{"@id":"https:\/\/makinat.fr\/index.php\/services\/#breadcrumb"},"inLanguage":"fr-FR","potentialAction":[{"@type":"ReadAction","target":["https:\/\/makinat.fr\/index.php\/services\/"]}]},{"@type":"ImageObject","inLanguage":"fr-FR","@id":"https:\/\/makinat.fr\/index.php\/services\/#primaryimage","url":"https:\/\/makinat.fr\/wp-content\/uploads\/2022\/06\/feature-image-6.jpg","contentUrl":"https:\/\/makinat.fr\/wp-content\/uploads\/2022\/06\/feature-image-6.jpg","width":370,"height":255},{"@type":"BreadcrumbList","@id":"https:\/\/makinat.fr\/index.php\/services\/#breadcrumb","itemListElement":[{"@type":"ListItem","position":1,"name":"Accueil","item":"https:\/\/makinat.fr\/"},{"@type":"ListItem","position":2,"name":"Services"}]},{"@type":"WebSite","@id":"https:\/\/makinat.fr\/#website","url":"https:\/\/makinat.fr\/","name":"Makinat","description":"Conseil &amp; Expertise","publisher":{"@id":"https:\/\/makinat.fr\/#organization"},"potentialAction":[{"@type":"SearchAction","target":{"@type":"EntryPoint","urlTemplate":"https:\/\/makinat.fr\/?s={search_term_string}"},"query-input":{"@type":"PropertyValueSpecification","valueRequired":true,"valueName":"search_term_string"}}],"inLanguage":"fr-FR"},{"@type":"Organization","@id":"https:\/\/makinat.fr\/#organization","name":"Makinat","url":"https:\/\/makinat.fr\/","logo":{"@type":"ImageObject","inLanguage":"fr-FR","@id":"https:\/\/makinat.fr\/#\/schema\/logo\/image\/","url":"https:\/\/makinat.fr\/wp-content\/uploads\/2025\/05\/56835_Makinat_logo_BJ-01-Complet-scaled.png","contentUrl":"https:\/\/makinat.fr\/wp-content\/uploads\/2025\/05\/56835_Makinat_logo_BJ-01-Complet-scaled.png","width":2560,"height":406,"caption":"Makinat"},"image":{"@id":"https:\/\/makinat.fr\/#\/schema\/logo\/image\/"}}]}},"_links":{"self":[{"href":"https:\/\/makinat.fr\/index.php\/wp-json\/wp\/v2\/pages\/3676","targetHints":{"allow":["GET"]}}],"collection":[{"href":"https:\/\/makinat.fr\/index.php\/wp-json\/wp\/v2\/pages"}],"about":[{"href":"https:\/\/makinat.fr\/index.php\/wp-json\/wp\/v2\/types\/page"}],"author":[{"embeddable":true,"href":"https:\/\/makinat.fr\/index.php\/wp-json\/wp\/v2\/users\/1"}],"replies":[{"embeddable":true,"href":"https:\/\/makinat.fr\/index.php\/wp-json\/wp\/v2\/comments?post=3676"}],"version-history":[{"count":21,"href":"https:\/\/makinat.fr\/index.php\/wp-json\/wp\/v2\/pages\/3676\/revisions"}],"predecessor-version":[{"id":6104,"href":"https:\/\/makinat.fr\/index.php\/wp-json\/wp\/v2\/pages\/3676\/revisions\/6104"}],"wp:attachment":[{"href":"https:\/\/makinat.fr\/index.php\/wp-json\/wp\/v2\/media?parent=3676"}],"curies":[{"name":"wp","href":"https:\/\/api.w.org\/{rel}","templated":true}]}}