{"id":1923,"date":"2022-06-02T06:53:03","date_gmt":"2022-06-02T06:53:03","guid":{"rendered":"http:\/\/makinat.fr?page_id=1923"},"modified":"2026-03-13T11:27:37","modified_gmt":"2026-03-13T10:27:37","slug":"contact","status":"publish","type":"page","link":"https:\/\/makinat.fr\/index.php\/contact\/","title":{"rendered":"Contact"},"content":{"rendered":"\t\t<div data-elementor-type=\"wp-page\" data-elementor-id=\"1923\" class=\"elementor elementor-1923\" data-elementor-post-type=\"page\">\n\t\t\t\t\t\t<section class=\"elementor-section elementor-top-section elementor-element elementor-element-4da1140 elementor-section-full_width elementor-section-height-default elementor-section-height-default\" data-id=\"4da1140\" data-element_type=\"section\">\n\t\t\t\t\t\t<div class=\"elementor-container elementor-column-gap-default\">\n\t\t\t\t\t<div class=\"elementor-column elementor-col-100 elementor-top-column elementor-element elementor-element-6d76851\" data-id=\"6d76851\" data-element_type=\"column\">\n\t\t\t<div class=\"elementor-widget-wrap elementor-element-populated\">\n\t\t\t\t\t\t<section class=\"elementor-section elementor-inner-section elementor-element elementor-element-edb7abe elementor-section-boxed elementor-section-height-default elementor-section-height-default\" data-id=\"edb7abe\" data-element_type=\"section\">\n\t\t\t\t\t\t<div class=\"elementor-container elementor-column-gap-default\">\n\t\t\t\t\t<div class=\"elementor-column elementor-col-100 elementor-inner-column elementor-element elementor-element-2891cb4\" data-id=\"2891cb4\" data-element_type=\"column\">\n\t\t\t<div class=\"elementor-widget-wrap elementor-element-populated\">\n\t\t\t\t\t\t<div class=\"elementor-element elementor-element-445c8f9 elementor-hidden-desktop elementor-hidden-tablet elementor-hidden-mobile elementor-widget elementor-widget-text-editor\" data-id=\"445c8f9\" data-element_type=\"widget\" data-widget_type=\"text-editor.default\">\n\t\t\t\t<div class=\"elementor-widget-container\">\n\t\t\t\t\t\t\t\t\t<div class=\"gmap_canvas google-map\"><iframe id=\"gmap_canvas\" src=\"https:\/\/maps.google.com\/maps?q=university%20of%20san%20francisco&amp;t=&amp;z=13&amp;ie=UTF8&amp;iwloc=&amp;output=embed\"><\/iframe><\/div>\t\t\t\t\t\t\t\t<\/div>\n\t\t\t\t<\/div>\n\t\t\t\t\t<\/div>\n\t\t<\/div>\n\t\t\t\t\t<\/div>\n\t\t<\/section>\n\t\t\t\t\t<\/div>\n\t\t<\/div>\n\t\t\t\t\t<\/div>\n\t\t<\/section>\n\t\t<div class=\"elementor-element elementor-element-f19739a e-flex e-con-boxed e-con e-parent\" data-id=\"f19739a\" data-element_type=\"container\">\n\t\t\t\t\t<div class=\"e-con-inner\">\n\t\t\t\t<div class=\"elementor-element elementor-element-f009673 elementor-widget-divider--view-line_text elementor-widget-divider--element-align-right elementor-widget elementor-widget-divider\" data-id=\"f009673\" data-element_type=\"widget\" data-widget_type=\"divider.default\">\n\t\t\t\t<div class=\"elementor-widget-container\">\n\t\t\t\t\t\t\t<div class=\"elementor-divider\">\n\t\t\t<span class=\"elementor-divider-separator\">\n\t\t\t\t\t\t\t<span class=\"elementor-divider__text elementor-divider__element\">\n\t\t\t\tcontactez-nous\t\t\t\t<\/span>\n\t\t\t\t\t\t<\/span>\n\t\t<\/div>\n\t\t\t\t\t\t<\/div>\n\t\t\t\t<\/div>\n\t\t<div class=\"elementor-element elementor-element-7213e35 e-con-full e-flex elementor-invisible e-con e-child\" data-id=\"7213e35\" data-element_type=\"container\" data-settings=\"{&quot;animation&quot;:&quot;fadeIn&quot;}\">\n\t\t<div class=\"elementor-element elementor-element-34d95a6 e-con-full e-flex e-con e-child\" data-id=\"34d95a6\" data-element_type=\"container\">\n\t\t\t\t<div class=\"elementor-element elementor-element-9722d96 elementor-widget elementor-widget-heading\" data-id=\"9722d96\" data-element_type=\"widget\" data-widget_type=\"heading.default\">\n\t\t\t\t<div class=\"elementor-widget-container\">\n\t\t\t\t\t<h2 class=\"elementor-heading-title elementor-size-default\">Parlez nous de votre projet<\/h2>\t\t\t\t<\/div>\n\t\t\t\t<\/div>\n\t\t\t\t<div class=\"elementor-element elementor-element-e1d7fde elementor-widget elementor-widget-text-editor\" data-id=\"e1d7fde\" data-element_type=\"widget\" data-widget_type=\"text-editor.default\">\n\t\t\t\t<div class=\"elementor-widget-container\">\n\t\t\t\t\t\t\t\t\t<p>Vous avez une question, une id\u00e9e ou souhaitez simplement \u00e9changer ?<\/p>\n<p>Remplissez le formulaire ci-dessous et nous vous r\u00e9pondrons dans les plus brefs d\u00e9lais.&nbsp;<\/p>\t\t\t\t\t\t\t\t<\/div>\n\t\t\t\t<\/div>\n\t\t\t\t<\/div>\n\t\t<div class=\"elementor-element elementor-element-bcda452 e-con-full e-flex e-con e-child\" data-id=\"bcda452\" data-element_type=\"container\">\n\t\t\t\t<div class=\"elementor-element elementor-element-00c0a44 elementor-widget elementor-widget-shortcode\" data-id=\"00c0a44\" data-element_type=\"widget\" data-widget_type=\"shortcode.default\">\n\t\t\t\t<div class=\"elementor-widget-container\">\n\t\t\t\t\t\t\t<div class=\"elementor-shortcode\"><div class='fluentform ff-default fluentform_wrapper_1 ffs_default_wrap'><form data-form_id=\"1\" id=\"fluentform_1\" class=\"frm-fluent-form fluent_form_1 ff-el-form-top ff_form_instance_1_1 ff-form-loading ffs_default\" data-form_instance=\"ff_form_instance_1_1\" method=\"POST\" ><fieldset  style=\"border: none!important;margin: 0!important;padding: 0!important;background-color: transparent!important;box-shadow: none!important;outline: none!important; min-inline-size: 100%;\">\n                    <legend class=\"ff_screen_reader_title\" style=\"display: block; margin: 0!important;padding: 0!important;height: 0!important;text-indent: -999999px;width: 0!important;overflow:hidden;\">Contact Form Demo<\/legend><input type='hidden' name='__fluent_form_embded_post_id' value='1923' \/><input type=\"hidden\" id=\"_fluentform_1_fluentformnonce\" name=\"_fluentform_1_fluentformnonce\" value=\"1bf8705dc0\" \/><input type=\"hidden\" name=\"_wp_http_referer\" value=\"\/index.php\/wp-json\/wp\/v2\/pages\/1923\" \/><div data-type=\"name-element\" data-name=\"names\" class=\" ff-field_container ff-name-field-wrapper\" ><div class='ff-t-container'><div class='ff-t-cell '><div class='ff-el-group ff-el-form-hide_label'><div class=\"ff-el-input--label asterisk-right\"><label for='ff_1_names_first_name_' id='label_ff_1_names_first_name_' >Pr\u00e9nom<\/label><\/div><div class='ff-el-input--content'><input type=\"text\" name=\"names[first_name]\" id=\"ff_1_names_first_name_\" class=\"ff-el-form-control\" placeholder=\"Saisissez votre pr\u00e9nom\" aria-invalid=\"false\" aria-required=false><\/div><\/div><\/div><div class='ff-t-cell '><div class='ff-el-group ff-el-form-hide_label'><div class=\"ff-el-input--label ff-el-is-required asterisk-right\"><label for='ff_1_names_last_name_' id='label_ff_1_names_last_name_' >Nom de famille<\/label><\/div><div class='ff-el-input--content'><input type=\"text\" name=\"names[last_name]\" id=\"ff_1_names_last_name_\" class=\"ff-el-form-control\" placeholder=\"Saisissez votre nom de famille\" aria-invalid=\"false\" aria-required=true><\/div><\/div><\/div><\/div><\/div><div class='ff-el-group ff-el-form-hide_label'><div class=\"ff-el-input--label ff-el-is-required asterisk-right\"><label for='ff_1_email' id='label_ff_1_email' aria-label=\"Email\">Email<\/label><\/div><div class='ff-el-input--content'><input type=\"email\" name=\"email\" id=\"ff_1_email\" class=\"ff-el-form-control\" placeholder=\"Adresse email\" data-name=\"email\"  aria-invalid=\"false\" aria-required=true><\/div><\/div><div class='ff-el-group ff-el-form-hide_label'><div class=\"ff-el-input--label ff-el-is-required asterisk-right\"><label for='ff_1_input_text' id='label_ff_1_input_text' aria-label=\"Saisie de texte\">Saisie de texte<\/label><\/div><div class='ff-el-input--content'><input type=\"text\" name=\"input_text\" class=\"ff-el-form-control\" placeholder=\"Nom de votre organisation\" data-name=\"input_text\" id=\"ff_1_input_text\"  aria-invalid=\"false\" aria-required=true><\/div><\/div><div class='ff-el-group ff-el-form-hide_label'><div class=\"ff-el-input--label ff-el-is-required asterisk-right\"><label for='ff_1_message' id='label_ff_1_message' aria-label=\"Votre projet\">Votre projet<\/label><\/div><div class='ff-el-input--content'><textarea aria-required=\"true\" aria-labelledby=\"label_ff_1_message\" name=\"message\" id=\"ff_1_message\" class=\"ff-el-form-control\" placeholder=\"Parlez nous de votre projet \" rows=\"4\" cols=\"2\" data-name=\"message\" ><\/textarea><\/div><\/div><div class='ff-el-group ff-text-left ff_submit_btn_wrapper'><button type=\"submit\" class=\"ff-btn ff-btn-submit ff-btn-md ff_btn_style\"  aria-label=\"Envoyer\">Envoyer<\/button><\/div><\/fieldset><\/form><div id='fluentform_1_errors' class='ff-errors-in-stack ff_form_instance_1_1 ff-form-loading_errors ff_form_instance_1_1_errors'><\/div><\/div>            <script type=\"text\/javascript\">\n                window.fluent_form_ff_form_instance_1_1 = {\"id\":\"1\",\"settings\":{\"layout\":{\"labelPlacement\":\"top\",\"helpMessagePlacement\":\"with_label\",\"errorMessagePlacement\":\"inline\",\"cssClassName\":\"\",\"asteriskPlacement\":\"asterisk-right\"},\"restrictions\":{\"denyEmptySubmission\":{\"enabled\":false}}},\"form_instance\":\"ff_form_instance_1_1\",\"form_id_selector\":\"fluentform_1\",\"rules\":{\"names[first_name]\":{\"required\":{\"value\":false,\"message\":\"Ce champ est obligatoire\",\"global_message\":\"Ce champ est obligatoire\",\"global\":true}},\"names[middle_name]\":{\"required\":{\"value\":false,\"message\":\"Ce champ est obligatoire\",\"global_message\":\"Ce champ est obligatoire\",\"global\":true}},\"names[last_name]\":{\"required\":{\"value\":true,\"message\":\"Ce champ est obligatoire\",\"global_message\":\"Ce champ est obligatoire\",\"global\":true}},\"email\":{\"required\":{\"value\":true,\"message\":\"This field is required\",\"global\":false,\"global_message\":\"Ce champ est obligatoire\"},\"email\":{\"value\":true,\"message\":\"This field must contain a valid email\",\"global\":false,\"global_message\":\"Ce champ doit contenir un e-mail valide\"}},\"input_text\":{\"required\":{\"value\":true,\"message\":\"Ce champ est obligatoire\",\"global_message\":\"Ce champ est obligatoire\",\"global\":true}},\"message\":{\"required\":{\"value\":true,\"message\":\"This field is required\",\"global\":false,\"global_message\":\"Ce champ est obligatoire\"}}},\"debounce_time\":300};\n                            <\/script>\n            <\/div>\n\t\t\t\t\t\t<\/div>\n\t\t\t\t<\/div>\n\t\t\t\t<\/div>\n\t\t\t\t<\/div>\n\t\t<div class=\"elementor-element elementor-element-8058183 e-con-full e-flex elementor-invisible e-con e-child\" data-id=\"8058183\" data-element_type=\"container\" data-settings=\"{&quot;animation&quot;:&quot;fadeInUp&quot;}\">\n\t\t<div class=\"elementor-element elementor-element-1bb63cf e-con-full e-flex e-con e-child\" data-id=\"1bb63cf\" data-element_type=\"container\" data-settings=\"{&quot;background_background&quot;:&quot;classic&quot;}\">\n\t\t\t\t<div class=\"elementor-element elementor-element-24eb5ef elementor-widget elementor-widget-heading\" data-id=\"24eb5ef\" data-element_type=\"widget\" data-widget_type=\"heading.default\">\n\t\t\t\t<div class=\"elementor-widget-container\">\n\t\t\t\t\t<h2 class=\"elementor-heading-title elementor-size-default\">Prenons rendez-vous<\/h2>\t\t\t\t<\/div>\n\t\t\t\t<\/div>\n\t\t\t\t<div class=\"elementor-element elementor-element-bceb5af elementor-widget elementor-widget-text-editor\" data-id=\"bceb5af\" data-element_type=\"widget\" data-widget_type=\"text-editor.default\">\n\t\t\t\t<div class=\"elementor-widget-container\">\n\t\t\t\t\t\t\t\t\t<p data-start=\"182\" data-end=\"296\">Si vous pr\u00e9f\u00e9rez \u00e9changer directement de vive voix, n\u2019h\u00e9sitez pas \u00e0 choisir un cr\u00e9neau selon vos disponibilit\u00e9s.<\/p><p data-start=\"298\" data-end=\"434\">Nous serons ravis de vous en dire davantage sur <strong data-start=\"346\" data-end=\"357\">MAKINAT<\/strong> et de discuter de vos besoins pour trouver ensemble la meilleure solution.<\/p>\t\t\t\t\t\t\t\t<\/div>\n\t\t\t\t<\/div>\n\t\t\t\t<div class=\"elementor-element elementor-element-c77a50a elementor-align-left e-transform elementor-widget elementor-widget-button\" data-id=\"c77a50a\" data-element_type=\"widget\" data-settings=\"{&quot;_transform_translateX_effect_hover&quot;:{&quot;unit&quot;:&quot;px&quot;,&quot;size&quot;:5,&quot;sizes&quot;:[]},&quot;_transform_translateY_effect_hover&quot;:{&quot;unit&quot;:&quot;px&quot;,&quot;size&quot;:0,&quot;sizes&quot;:[]},&quot;_transform_translateX_effect_hover_tablet&quot;:{&quot;unit&quot;:&quot;px&quot;,&quot;size&quot;:&quot;&quot;,&quot;sizes&quot;:[]},&quot;_transform_translateX_effect_hover_mobile&quot;:{&quot;unit&quot;:&quot;px&quot;,&quot;size&quot;:&quot;&quot;,&quot;sizes&quot;:[]},&quot;_transform_translateY_effect_hover_tablet&quot;:{&quot;unit&quot;:&quot;px&quot;,&quot;size&quot;:&quot;&quot;,&quot;sizes&quot;:[]},&quot;_transform_translateY_effect_hover_mobile&quot;:{&quot;unit&quot;:&quot;px&quot;,&quot;size&quot;:&quot;&quot;,&quot;sizes&quot;:[]}}\" data-widget_type=\"button.default\">\n\t\t\t\t<div class=\"elementor-widget-container\">\n\t\t\t\t\t\t\t\t\t<div class=\"elementor-button-wrapper\">\n\t\t\t\t\t<a class=\"elementor-button elementor-button-link elementor-size-sm\" href=\"https:\/\/calendar.google.com\/calendar\/u\/0\/appointments\/schedules\/AcZssZ2Z1JaxS0yLi-I5t2xDgaYigHvJhA5hCtUmvu-K-7GvQgke0G41gGmsMllNax-4XieDwzEOwBFC\" target=\"_blank\">\n\t\t\t\t\t\t<span class=\"elementor-button-content-wrapper\">\n\t\t\t\t\t\t<span class=\"elementor-button-icon\">\n\t\t\t\t<svg aria-hidden=\"true\" class=\"e-font-icon-svg e-fas-arrow-right\" viewBox=\"0 0 448 512\" xmlns=\"http:\/\/www.w3.org\/2000\/svg\"><path d=\"M190.5 66.9l22.2-22.2c9.4-9.4 24.6-9.4 33.9 0L441 239c9.4 9.4 9.4 24.6 0 33.9L246.6 467.3c-9.4 9.4-24.6 9.4-33.9 0l-22.2-22.2c-9.5-9.5-9.3-25 .4-34.3L311.4 296H24c-13.3 0-24-10.7-24-24v-32c0-13.3 10.7-24 24-24h287.4L190.9 101.2c-9.8-9.3-10-24.8-.4-34.3z\"><\/path><\/svg>\t\t\t<\/span>\n\t\t\t\t\t\t\t\t\t<span class=\"elementor-button-text\">Prendre RDV<\/span>\n\t\t\t\t\t<\/span>\n\t\t\t\t\t<\/a>\n\t\t\t\t<\/div>\n\t\t\t\t\t\t\t\t<\/div>\n\t\t\t\t<\/div>\n\t\t\t\t<\/div>\n\t\t<div class=\"elementor-element elementor-element-733a994 e-con-full e-flex e-con e-child\" data-id=\"733a994\" data-element_type=\"container\" data-settings=\"{&quot;background_background&quot;:&quot;classic&quot;}\">\n\t\t\t\t<div class=\"elementor-element elementor-element-4917a83 elementor-widget elementor-widget-image\" data-id=\"4917a83\" data-element_type=\"widget\" data-widget_type=\"image.default\">\n\t\t\t\t<div class=\"elementor-widget-container\">\n\t\t\t\t\t\t\t\t\t\t\t\t\t\t\t\t<a href=\"https:\/\/calendar.google.com\/calendar\/u\/0\/appointments\/schedules\/AcZssZ2Z1JaxS0yLi-I5t2xDgaYigHvJhA5hCtUmvu-K-7GvQgke0G41gGmsMllNax-4XieDwzEOwBFC\">\n\t\t\t\t\t\t\t<img fetchpriority=\"high\" decoding=\"async\" width=\"500\" height=\"400\" src=\"https:\/\/makinat.fr\/wp-content\/uploads\/2026\/01\/calendly.webp\" class=\"attachment-medium_large size-medium_large wp-image-6126\" alt=\"contact calendly\" srcset=\"https:\/\/makinat.fr\/wp-content\/uploads\/2026\/01\/calendly.webp 500w, https:\/\/makinat.fr\/wp-content\/uploads\/2026\/01\/calendly-300x240.webp 300w\" sizes=\"(max-width: 500px) 100vw, 500px\" \/>\t\t\t\t\t\t\t\t<\/a>\n\t\t\t\t\t\t\t\t\t\t\t\t\t\t\t<\/div>\n\t\t\t\t<\/div>\n\t\t\t\t<\/div>\n\t\t\t\t<\/div>\n\t\t\t\t\t<\/div>\n\t\t\t\t<\/div>\n\t\t<div class=\"elementor-element elementor-element-0a1aba2 e-flex e-con-boxed e-con e-parent\" data-id=\"0a1aba2\" data-element_type=\"container\">\n\t\t\t\t\t<div class=\"e-con-inner\">\n\t\t\t\t\t<\/div>\n\t\t\t\t<\/div>\n\t\t\t\t<\/div>\n\t\t","protected":false},"excerpt":{"rendered":"<p>contactez-nous Parlez nous de votre projet Vous avez une question, une id\u00e9e ou souhaitez simplement \u00e9changer ? Remplissez le formulaire ci-dessous et nous vous r\u00e9pondrons dans les plus brefs d\u00e9lais.&nbsp; Prenons rendez-vous Si vous pr\u00e9f\u00e9rez \u00e9changer directement de vive voix, n\u2019h\u00e9sitez pas \u00e0 choisir un cr\u00e9neau selon vos disponibilit\u00e9s. Nous serons ravis de vous en [&hellip;]<\/p>\n","protected":false},"author":1,"featured_media":2405,"parent":0,"menu_order":0,"comment_status":"closed","ping_status":"closed","template":"elementor_header_footer","meta":{"footnotes":""},"class_list":["post-1923","page","type-page","status-publish","has-post-thumbnail","hentry"],"yoast_head":"<!-- This site is optimized with the Yoast SEO plugin v26.7 - https:\/\/yoast.com\/wordpress\/plugins\/seo\/ -->\n<title>Contact - Makinat<\/title>\n<meta name=\"description\" content=\"Vous avez des besoins en pilotage financier, en expertise comptable, en businness intelligence ou bien encore en daf ? Contactez nous !\" \/>\n<meta name=\"robots\" content=\"index, follow, max-snippet:-1, max-image-preview:large, max-video-preview:-1\" \/>\n<link rel=\"canonical\" href=\"https:\/\/makinat.fr\/index.php\/contact\/\" \/>\n<meta property=\"og:locale\" content=\"fr_FR\" \/>\n<meta property=\"og:type\" content=\"article\" \/>\n<meta property=\"og:title\" content=\"Contact - Makinat\" \/>\n<meta property=\"og:description\" content=\"Vous avez des besoins en pilotage financier, en expertise comptable, en businness intelligence ou bien encore en daf ? Contactez nous !\" \/>\n<meta property=\"og:url\" content=\"https:\/\/makinat.fr\/index.php\/contact\/\" \/>\n<meta property=\"og:site_name\" content=\"Makinat\" \/>\n<meta property=\"article:modified_time\" content=\"2026-03-13T10:27:37+00:00\" \/>\n<meta property=\"og:image\" content=\"https:\/\/makinat.fr\/wp-content\/uploads\/2022\/06\/breadcrumb-1.jpg\" \/>\n\t<meta property=\"og:image:width\" content=\"1920\" \/>\n\t<meta property=\"og:image:height\" content=\"440\" \/>\n\t<meta property=\"og:image:type\" content=\"image\/jpeg\" \/>\n<meta name=\"twitter:card\" content=\"summary_large_image\" \/>\n<meta name=\"twitter:label1\" content=\"Dur\u00e9e de lecture estim\u00e9e\" \/>\n\t<meta name=\"twitter:data1\" content=\"1 minute\" \/>\n<script type=\"application\/ld+json\" class=\"yoast-schema-graph\">{\"@context\":\"https:\/\/schema.org\",\"@graph\":[{\"@type\":\"WebPage\",\"@id\":\"https:\/\/makinat.fr\/index.php\/contact\/\",\"url\":\"https:\/\/makinat.fr\/index.php\/contact\/\",\"name\":\"Contact - Makinat\",\"isPartOf\":{\"@id\":\"https:\/\/makinat.fr\/#website\"},\"primaryImageOfPage\":{\"@id\":\"https:\/\/makinat.fr\/index.php\/contact\/#primaryimage\"},\"image\":{\"@id\":\"https:\/\/makinat.fr\/index.php\/contact\/#primaryimage\"},\"thumbnailUrl\":\"https:\/\/makinat.fr\/wp-content\/uploads\/2022\/06\/breadcrumb-1.jpg\",\"datePublished\":\"2022-06-02T06:53:03+00:00\",\"dateModified\":\"2026-03-13T10:27:37+00:00\",\"description\":\"Vous avez des besoins en pilotage financier, en expertise comptable, en businness intelligence ou bien encore en daf ? Contactez nous !\",\"breadcrumb\":{\"@id\":\"https:\/\/makinat.fr\/index.php\/contact\/#breadcrumb\"},\"inLanguage\":\"fr-FR\",\"potentialAction\":[{\"@type\":\"ReadAction\",\"target\":[\"https:\/\/makinat.fr\/index.php\/contact\/\"]}]},{\"@type\":\"ImageObject\",\"inLanguage\":\"fr-FR\",\"@id\":\"https:\/\/makinat.fr\/index.php\/contact\/#primaryimage\",\"url\":\"https:\/\/makinat.fr\/wp-content\/uploads\/2022\/06\/breadcrumb-1.jpg\",\"contentUrl\":\"https:\/\/makinat.fr\/wp-content\/uploads\/2022\/06\/breadcrumb-1.jpg\",\"width\":1920,\"height\":440},{\"@type\":\"BreadcrumbList\",\"@id\":\"https:\/\/makinat.fr\/index.php\/contact\/#breadcrumb\",\"itemListElement\":[{\"@type\":\"ListItem\",\"position\":1,\"name\":\"Accueil\",\"item\":\"https:\/\/makinat.fr\/\"},{\"@type\":\"ListItem\",\"position\":2,\"name\":\"Contact\"}]},{\"@type\":\"WebSite\",\"@id\":\"https:\/\/makinat.fr\/#website\",\"url\":\"https:\/\/makinat.fr\/\",\"name\":\"Makinat\",\"description\":\"Conseil &amp; Expertise\",\"publisher\":{\"@id\":\"https:\/\/makinat.fr\/#organization\"},\"potentialAction\":[{\"@type\":\"SearchAction\",\"target\":{\"@type\":\"EntryPoint\",\"urlTemplate\":\"https:\/\/makinat.fr\/?s={search_term_string}\"},\"query-input\":{\"@type\":\"PropertyValueSpecification\",\"valueRequired\":true,\"valueName\":\"search_term_string\"}}],\"inLanguage\":\"fr-FR\"},{\"@type\":\"Organization\",\"@id\":\"https:\/\/makinat.fr\/#organization\",\"name\":\"Makinat\",\"url\":\"https:\/\/makinat.fr\/\",\"logo\":{\"@type\":\"ImageObject\",\"inLanguage\":\"fr-FR\",\"@id\":\"https:\/\/makinat.fr\/#\/schema\/logo\/image\/\",\"url\":\"https:\/\/makinat.fr\/wp-content\/uploads\/2025\/05\/56835_Makinat_logo_BJ-01-Complet-scaled.png\",\"contentUrl\":\"https:\/\/makinat.fr\/wp-content\/uploads\/2025\/05\/56835_Makinat_logo_BJ-01-Complet-scaled.png\",\"width\":2560,\"height\":406,\"caption\":\"Makinat\"},\"image\":{\"@id\":\"https:\/\/makinat.fr\/#\/schema\/logo\/image\/\"}}]}<\/script>\n<!-- \/ Yoast SEO plugin. -->","yoast_head_json":{"title":"Contact - Makinat","description":"Vous avez des besoins en pilotage financier, en expertise comptable, en businness intelligence ou bien encore en daf ? Contactez nous !","robots":{"index":"index","follow":"follow","max-snippet":"max-snippet:-1","max-image-preview":"max-image-preview:large","max-video-preview":"max-video-preview:-1"},"canonical":"https:\/\/makinat.fr\/index.php\/contact\/","og_locale":"fr_FR","og_type":"article","og_title":"Contact - Makinat","og_description":"Vous avez des besoins en pilotage financier, en expertise comptable, en businness intelligence ou bien encore en daf ? Contactez nous !","og_url":"https:\/\/makinat.fr\/index.php\/contact\/","og_site_name":"Makinat","article_modified_time":"2026-03-13T10:27:37+00:00","og_image":[{"width":1920,"height":440,"url":"https:\/\/makinat.fr\/wp-content\/uploads\/2022\/06\/breadcrumb-1.jpg","type":"image\/jpeg"}],"twitter_card":"summary_large_image","twitter_misc":{"Dur\u00e9e de lecture estim\u00e9e":"1 minute"},"schema":{"@context":"https:\/\/schema.org","@graph":[{"@type":"WebPage","@id":"https:\/\/makinat.fr\/index.php\/contact\/","url":"https:\/\/makinat.fr\/index.php\/contact\/","name":"Contact - Makinat","isPartOf":{"@id":"https:\/\/makinat.fr\/#website"},"primaryImageOfPage":{"@id":"https:\/\/makinat.fr\/index.php\/contact\/#primaryimage"},"image":{"@id":"https:\/\/makinat.fr\/index.php\/contact\/#primaryimage"},"thumbnailUrl":"https:\/\/makinat.fr\/wp-content\/uploads\/2022\/06\/breadcrumb-1.jpg","datePublished":"2022-06-02T06:53:03+00:00","dateModified":"2026-03-13T10:27:37+00:00","description":"Vous avez des besoins en pilotage financier, en expertise comptable, en businness intelligence ou bien encore en daf ? Contactez nous !","breadcrumb":{"@id":"https:\/\/makinat.fr\/index.php\/contact\/#breadcrumb"},"inLanguage":"fr-FR","potentialAction":[{"@type":"ReadAction","target":["https:\/\/makinat.fr\/index.php\/contact\/"]}]},{"@type":"ImageObject","inLanguage":"fr-FR","@id":"https:\/\/makinat.fr\/index.php\/contact\/#primaryimage","url":"https:\/\/makinat.fr\/wp-content\/uploads\/2022\/06\/breadcrumb-1.jpg","contentUrl":"https:\/\/makinat.fr\/wp-content\/uploads\/2022\/06\/breadcrumb-1.jpg","width":1920,"height":440},{"@type":"BreadcrumbList","@id":"https:\/\/makinat.fr\/index.php\/contact\/#breadcrumb","itemListElement":[{"@type":"ListItem","position":1,"name":"Accueil","item":"https:\/\/makinat.fr\/"},{"@type":"ListItem","position":2,"name":"Contact"}]},{"@type":"WebSite","@id":"https:\/\/makinat.fr\/#website","url":"https:\/\/makinat.fr\/","name":"Makinat","description":"Conseil &amp; Expertise","publisher":{"@id":"https:\/\/makinat.fr\/#organization"},"potentialAction":[{"@type":"SearchAction","target":{"@type":"EntryPoint","urlTemplate":"https:\/\/makinat.fr\/?s={search_term_string}"},"query-input":{"@type":"PropertyValueSpecification","valueRequired":true,"valueName":"search_term_string"}}],"inLanguage":"fr-FR"},{"@type":"Organization","@id":"https:\/\/makinat.fr\/#organization","name":"Makinat","url":"https:\/\/makinat.fr\/","logo":{"@type":"ImageObject","inLanguage":"fr-FR","@id":"https:\/\/makinat.fr\/#\/schema\/logo\/image\/","url":"https:\/\/makinat.fr\/wp-content\/uploads\/2025\/05\/56835_Makinat_logo_BJ-01-Complet-scaled.png","contentUrl":"https:\/\/makinat.fr\/wp-content\/uploads\/2025\/05\/56835_Makinat_logo_BJ-01-Complet-scaled.png","width":2560,"height":406,"caption":"Makinat"},"image":{"@id":"https:\/\/makinat.fr\/#\/schema\/logo\/image\/"}}]}},"_links":{"self":[{"href":"https:\/\/makinat.fr\/index.php\/wp-json\/wp\/v2\/pages\/1923","targetHints":{"allow":["GET"]}}],"collection":[{"href":"https:\/\/makinat.fr\/index.php\/wp-json\/wp\/v2\/pages"}],"about":[{"href":"https:\/\/makinat.fr\/index.php\/wp-json\/wp\/v2\/types\/page"}],"author":[{"embeddable":true,"href":"https:\/\/makinat.fr\/index.php\/wp-json\/wp\/v2\/users\/1"}],"replies":[{"embeddable":true,"href":"https:\/\/makinat.fr\/index.php\/wp-json\/wp\/v2\/comments?post=1923"}],"version-history":[{"count":75,"href":"https:\/\/makinat.fr\/index.php\/wp-json\/wp\/v2\/pages\/1923\/revisions"}],"predecessor-version":[{"id":6351,"href":"https:\/\/makinat.fr\/index.php\/wp-json\/wp\/v2\/pages\/1923\/revisions\/6351"}],"wp:featuredmedia":[{"embeddable":true,"href":"https:\/\/makinat.fr\/index.php\/wp-json\/wp\/v2\/media\/2405"}],"wp:attachment":[{"href":"https:\/\/makinat.fr\/index.php\/wp-json\/wp\/v2\/media?parent=1923"}],"curies":[{"name":"wp","href":"https:\/\/api.w.org\/{rel}","templated":true}]}}